{"id":682,"date":"2022-03-31T16:00:56","date_gmt":"2022-03-31T16:00:56","guid":{"rendered":"https:\/\/www.karinbornett.at\/?page_id=682"},"modified":"2022-03-31T16:00:56","modified_gmt":"2022-03-31T16:00:56","slug":"pferd-und-reiten","status":"publish","type":"page","link":"https:\/\/www.karinbornett.at\/index.php\/referenzen\/pferd-und-reiten\/","title":{"rendered":"Pferd und Reiten"},"content":{"rendered":"<section class=\"wpb-content-wrapper\">[vc_row][vc_column width=&#8221;1\/4&#8243;][vc_single_image image=&#8221;684&#8243;][\/vc_column][vc_column width=&#8221;3\/4&#8243;][vc_column_text]\n<h3>Leseproben Pferd und Reiten<\/h3>\n<p>Mit Pferden habe ich Erfahrung. Jahrelang stolze Eigent\u00fcmerin eines fr\u00f6hlichen Arabo-Haflinger, verbringe ich heute gerne Zeit mit Mini &#8211; eine gem\u00fctliche Haflingerstute. \u00dcber verschiedene Pferdesportartikel schreibe ich zum Beispiel hier:<\/p>\n<ul>\n<li><a href=\"https:\/\/dadslife.at\/author\/karin-bornett\/\" target=\"_blank\" rel=\"noopener\">Dad&#8217;s Life<\/a><\/li>\n<\/ul>\n[\/vc_column_text][\/vc_column][vc_column][vc_basic_grid post_type=&#8221;post&#8221; max_items=&#8221;10&#8243; grid_id=&#8221;vc_gid:1648729697530-217ab901-cbe8-0&#8243; taxonomies=&#8221;16, 17&#8243;][\/vc_column][\/vc_row]\n<\/section>","protected":false},"excerpt":{"rendered":"<p>[vc_row][vc_column width=&#8221;1\/4&#8243;][vc_single_image image=&#8221;684&#8243;][\/vc_column][vc_column width=&#8221;3\/4&#8243;][vc_column_text] Leseproben Pferd und Reiten Mit Pferden habe ich Erfahrung. Jahrelang stolze Eigent\u00fcmerin eines fr\u00f6hlichen Arabo-Haflinger, verbringe ich heute gerne Zeit mit Mini &#8211; eine gem\u00fctliche Haflingerstute. [&hellip;]<\/p>\n","protected":false},"author":2,"featured_media":684,"parent":2,"menu_order":0,"comment_status":"closed","ping_status":"closed","template":"page_fullwidth.php","meta":{"footnotes":""},"class_list":["post-682","page","type-page","status-publish","has-post-thumbnail","hentry"],"_links":{"self":[{"href":"https:\/\/www.karinbornett.at\/index.php\/wp-json\/wp\/v2\/pages\/682","targetHints":{"allow":["GET"]}}],"collection":[{"href":"https:\/\/www.karinbornett.at\/index.php\/wp-json\/wp\/v2\/pages"}],"about":[{"href":"https:\/\/www.karinbornett.at\/index.php\/wp-json\/wp\/v2\/types\/page"}],"author":[{"embeddable":true,"href":"https:\/\/www.karinbornett.at\/index.php\/wp-json\/wp\/v2\/users\/2"}],"replies":[{"embeddable":true,"href":"https:\/\/www.karinbornett.at\/index.php\/wp-json\/wp\/v2\/comments?post=682"}],"version-history":[{"count":3,"href":"https:\/\/www.karinbornett.at\/index.php\/wp-json\/wp\/v2\/pages\/682\/revisions"}],"predecessor-version":[{"id":696,"href":"https:\/\/www.karinbornett.at\/index.php\/wp-json\/wp\/v2\/pages\/682\/revisions\/696"}],"up":[{"embeddable":true,"href":"https:\/\/www.karinbornett.at\/index.php\/wp-json\/wp\/v2\/pages\/2"}],"wp:featuredmedia":[{"embeddable":true,"href":"https:\/\/www.karinbornett.at\/index.php\/wp-json\/wp\/v2\/media\/684"}],"wp:attachment":[{"href":"https:\/\/www.karinbornett.at\/index.php\/wp-json\/wp\/v2\/media?parent=682"}],"curies":[{"name":"wp","href":"https:\/\/api.w.org\/{rel}","templated":true}]}}