{"id":59,"date":"2018-05-20T11:50:11","date_gmt":"2018-05-20T11:50:11","guid":{"rendered":"http:\/\/www.karinbornett.at\/?page_id=59"},"modified":"2026-02-15T13:00:20","modified_gmt":"2026-02-15T13:00:20","slug":"home-2","status":"publish","type":"page","link":"https:\/\/www.karinbornett.at\/","title":{"rendered":"Texte federleicht"},"content":{"rendered":"<section class=\"wpb-content-wrapper\">[vc_row][vc_column width=&#8221;1\/4&#8243;][vc_single_image image=&#8221;197&#8243;][vc_wp_text]\n<blockquote><p>Die Sprache ist die Kleidung der Gedanken.<\/p><\/blockquote>\n<p style=\"text-align: center;\">(Samuel Johnson)<\/p>\n[\/vc_wp_text][\/vc_column][vc_column width=&#8221;3\/4&#8243;][vc_column_text]\n<h1>Redaktion, Recherche,Texte<\/h1>\n<p>Texten ist meine Leidenschaft, Journalismus eine Passion. Seit April 2017 bin ich als Freiberuflerin selbstst\u00e4ndig und darf renommierte Verlage und Medien zu meinen Auftraggeberinnen und Partnern z\u00e4hlen. Vielleicht geh\u00f6ren Sie auch bald dazu?<\/p>\n<p>Meine <a href=\"https:\/\/www.karinbornett.at\/index.php\/referenzen\/\">Referenzen<\/a> sind vielf\u00e4ltig. Seit vielen Jahren schreibe ich \u00fcber <strong>Bauen <\/strong>und<strong> Architektur<\/strong>. Auch alle Aspekte von <strong>Nachhaltigkeit<\/strong> z\u00e4hlen zu meinen Themenschwerpunkten. Au\u00dferdem berichte ich authentisch \u00fcber meine Erfahrungen rund um <strong>Hund<\/strong> und <strong>Garten, Pferde <\/strong>und<strong> Reiten<\/strong>.<\/p>\n<p>Grunds\u00e4tzlich stehe ich Neuem immer offen gegen\u00fcber und ich freue mich, in neue Themenwelten einzutauchen. Respekt ist mir in allen Lebenslagen wichtig. Ich berichte und texte nie ohne gewissenhaftes Hinterfragen.<\/p>\n<p>&nbsp;<\/p>\n<h3>Intelligente Texte federleicht<\/h3>\n<p>&nbsp;<\/p>\n<p>Mit federleichter Ausdrucksweise, stets der Zielgruppe angepasst, will ich die Leser*innen abholen und in das Thema vertiefen \u2013 ohne Schnickschnack und Klimbim, mit Gesp\u00fcr f\u00fcr wortgewandte Sprache. Mehr zu mir und meiner Arbeitsweise finden Sie im Men\u00fcpunkt <a href=\"https:\/\/www.karinbornett.at\/index.php\/about\/\">About<\/a>.<\/p>\n<p>&nbsp;<\/p>\n<p>Ihnen gefallen meine <a href=\"https:\/\/www.karinbornett.at\/index.php\/referenzen\/\">Textproben<\/a>? Ich freue mich \u00fcber Ihre\u00a0<a href=\"https:\/\/www.karinbornett.at\/index.php\/kontakt\/\">Kontaktaufnahme<\/a>![\/vc_column_text][vc_empty_space][\/vc_column][\/vc_row][vc_row][vc_column][vc_row_inner][vc_column_inner][vc_column_text]\n<h1 style=\"text-align: left;\">Virtuelle Assistenz &amp; Digital Office Management<\/h1>\n[\/vc_column_text][vc_column_text]\n<ul>\n<li>Verteilerpflege &amp; digitale Ablage<\/li>\n<li>Virtueller Empfang: Annahme von Anfragen per Mail und Telefon<\/li>\n<li>Terminkoordination, Reiseplanung etc.<\/li>\n<li>PR-Assistenz, Texten, Lektorat<\/li>\n<li>Pflege und Betreuung der Website im CMS<\/li>\n<\/ul>\n[\/vc_column_text][vc_column_text]\n<h3><\/h3>\n<h3>Unterst\u00fctzung im Office gesucht?<\/h3>\n<p>Als virtuelle Assistentin bringe ich Ordnung in jedes B\u00fcro. 100 % remote und 100 % zuverl\u00e4ssig pflege ich Verteiler und die digitale Ablage, beantworte ich Anfragen, unterst\u00fctze bei der Pressearbeit und k\u00fcmmere mich um die Website. <a href=\"https:\/\/www.karinbornett.at\/index.php\/kontakt\/\">Kontaktieren<\/a> Sie mich!<\/p>\n<p>&nbsp;<\/p>\n<p><img loading=\"lazy\" decoding=\"async\" class=\"size-medium wp-image-806 aligncenter\" src=\"https:\/\/www.karinbornett.at\/wp-content\/uploads\/2026\/02\/Verteilerpflege-Organisatorisches-Virtueller-Empfang-Mail-und-Telefonannahme-PR-Assistenz-Wordpress-Pflege-Betreuung-Terminkoordination-300x220.jpg\" alt=\"\" width=\"300\" height=\"220\" data-attachment=\"806\" data-preview=\"https:\/\/www.karinbornett.at\/wp-content\/uploads\/2026\/02\/Verteilerpflege-Organisatorisches-Virtueller-Empfang-Mail-und-Telefonannahme-PR-Assistenz-Wordpress-Pflege-Betreuung-Terminkoordination-300x220.jpg,300,220\" srcset=\"https:\/\/www.karinbornett.at\/wp-content\/uploads\/2026\/02\/Verteilerpflege-Organisatorisches-Virtueller-Empfang-Mail-und-Telefonannahme-PR-Assistenz-Wordpress-Pflege-Betreuung-Terminkoordination-300x220.jpg 300w, https:\/\/www.karinbornett.at\/wp-content\/uploads\/2026\/02\/Verteilerpflege-Organisatorisches-Virtueller-Empfang-Mail-und-Telefonannahme-PR-Assistenz-Wordpress-Pflege-Betreuung-Terminkoordination-750x550.jpg 750w, https:\/\/www.karinbornett.at\/wp-content\/uploads\/2026\/02\/Verteilerpflege-Organisatorisches-Virtueller-Empfang-Mail-und-Telefonannahme-PR-Assistenz-Wordpress-Pflege-Betreuung-Terminkoordination-400x293.jpg 400w, https:\/\/www.karinbornett.at\/wp-content\/uploads\/2026\/02\/Verteilerpflege-Organisatorisches-Virtueller-Empfang-Mail-und-Telefonannahme-PR-Assistenz-Wordpress-Pflege-Betreuung-Terminkoordination-430x315.jpg 430w, https:\/\/www.karinbornett.at\/wp-content\/uploads\/2026\/02\/Verteilerpflege-Organisatorisches-Virtueller-Empfang-Mail-und-Telefonannahme-PR-Assistenz-Wordpress-Pflege-Betreuung-Terminkoordination-150x110.jpg 150w, https:\/\/www.karinbornett.at\/wp-content\/uploads\/2026\/02\/Verteilerpflege-Organisatorisches-Virtueller-Empfang-Mail-und-Telefonannahme-PR-Assistenz-Wordpress-Pflege-Betreuung-Terminkoordination-100x73.jpg 100w, https:\/\/www.karinbornett.at\/wp-content\/uploads\/2026\/02\/Verteilerpflege-Organisatorisches-Virtueller-Empfang-Mail-und-Telefonannahme-PR-Assistenz-Wordpress-Pflege-Betreuung-Terminkoordination.jpg 761w\" sizes=\"auto, (max-width: 300px) 100vw, 300px\" \/>[\/vc_column_text][vc_empty_space height=&#8221;25px&#8221;][\/vc_column_inner][\/vc_row_inner][vc_separator][vc_empty_space height=&#8221;50px&#8221;][\/vc_column][\/vc_row][vc_row][vc_column][vc_column_text]\n<h3 style=\"text-align: center;\">Auftraggeberinnen &amp; Partner<\/h3>\n[\/vc_column_text][vc_row_inner content_placement=&#8221;middle&#8221;][vc_column_inner][vc_images_carousel images=&#8221;667,740,846,49,665,277,391,42,707,40,322,43,41&#8243; img_size=&#8221;medium&#8221; onclick=&#8221;link_no&#8221; autoplay=&#8221;yes&#8221; hide_prev_next_buttons=&#8221;yes&#8221; wrap=&#8221;yes&#8221;][\/vc_column_inner][\/vc_row_inner][\/vc_column][\/vc_row]\n<\/section>","protected":false},"excerpt":{"rendered":"<p>[vc_row][vc_column width=&#8221;1\/4&#8243;][vc_single_image image=&#8221;197&#8243;][vc_wp_text] Die Sprache ist die Kleidung der Gedanken. (Samuel Johnson) [\/vc_wp_text][\/vc_column][vc_column width=&#8221;3\/4&#8243;][vc_column_text] Redaktion, Recherche,Texte Texten ist meine Leidenschaft, Journalismus eine Passion. Seit April 2017 bin ich als Freiberuflerin [&hellip;]<\/p>\n","protected":false},"author":1,"featured_media":0,"parent":0,"menu_order":0,"comment_status":"closed","ping_status":"closed","template":"","meta":{"footnotes":""},"class_list":["post-59","page","type-page","status-publish","hentry"],"_links":{"self":[{"href":"https:\/\/www.karinbornett.at\/index.php\/wp-json\/wp\/v2\/pages\/59","targetHints":{"allow":["GET"]}}],"collection":[{"href":"https:\/\/www.karinbornett.at\/index.php\/wp-json\/wp\/v2\/pages"}],"about":[{"href":"https:\/\/www.karinbornett.at\/index.php\/wp-json\/wp\/v2\/types\/page"}],"author":[{"embeddable":true,"href":"https:\/\/www.karinbornett.at\/index.php\/wp-json\/wp\/v2\/users\/1"}],"replies":[{"embeddable":true,"href":"https:\/\/www.karinbornett.at\/index.php\/wp-json\/wp\/v2\/comments?post=59"}],"version-history":[{"count":117,"href":"https:\/\/www.karinbornett.at\/index.php\/wp-json\/wp\/v2\/pages\/59\/revisions"}],"predecessor-version":[{"id":849,"href":"https:\/\/www.karinbornett.at\/index.php\/wp-json\/wp\/v2\/pages\/59\/revisions\/849"}],"wp:attachment":[{"href":"https:\/\/www.karinbornett.at\/index.php\/wp-json\/wp\/v2\/media?parent=59"}],"curies":[{"name":"wp","href":"https:\/\/api.w.org\/{rel}","templated":true}]}}